{"id":1324,"date":"2024-07-12T04:32:40","date_gmt":"2024-07-12T04:32:40","guid":{"rendered":"https:\/\/resistencias.situada.online\/about\/"},"modified":"2024-07-27T03:02:10","modified_gmt":"2024-07-27T03:02:10","slug":"proyecto","status":"publish","type":"page","link":"https:\/\/resistencias.situada.online\/en\/proyecto\/","title":{"rendered":"About the Project"},"content":{"rendered":"<div class=\"wp-block-uagb-container uagb-block-3ad17e27 alignfull uagb-is-root-container\"><div class=\"uagb-container-inner-blocks-wrap\">\n<div class=\"wp-block-uagb-advanced-heading uagb-block-8a1eebc0\"><h1 class=\"uagb-heading-text\">About the Project<\/h1><\/div>\n<\/div><\/div>\n\n\n\n<div class=\"wp-block-uagb-container uagb-block-984d63af alignfull uagb-is-root-container\"><div class=\"uagb-container-inner-blocks-wrap\">\n<div class=\"wp-block-uagb-container uagb-block-f8ec2bd3 alignfull uagb-is-root-container\"><div class=\"uagb-container-inner-blocks-wrap\">\n<div class=\"wp-block-uagb-info-box uagb-block-4ac35e7e uagb-infobox__content-wrap  uagb-infobox-icon-above-title uagb-infobox-image-valign-top\"><div class=\"uagb-ifb-content\"><div class=\"uagb-ifb-title-wrap\"><h3 class=\"uagb-ifb-title\"><strong>Background<\/strong><\/h3><\/div><p class=\"uagb-ifb-desc\">Despite its advances, technology often perpetuates and amplifies biases, especially those affecting women and marginalized groups. These biases are evident in the design of algorithms, moderation policies, and the development of digital platforms, exacerbating digital violence and inequality. In Latin America and the Caribbean, where technology can also serve as a tool of resistance, movements are emerging that challenge these injustices, seeking to transform technology into a more equitable space.<br><br>Technological resistances in this region reflect the struggle of communities and social movements facing both state and corporate oppression. These movements use technology to advocate for their rights and confront the risks associated with its misuse. At the same time, they face challenges related to socio-environmental justice, given that technological practices often negatively impact the environment and local communities.<br><br>Analyzing these technological resistances reveals how communities try to correct biases and inequalities, promoting a design of technological justice that integrates digital equity and respect for the socio-environmental environment.<\/p><\/div><\/div>\n<\/div><\/div>\n<\/div><\/div>\n\n\n\n<div class=\"wp-block-uagb-container uagb-block-8f1ec495 alignfull uagb-is-root-container\"><div class=\"uagb-container-inner-blocks-wrap\">\n<div class=\"wp-block-uagb-container uagb-block-f58add27 alignfull uagb-is-root-container\"><div class=\"uagb-container-inner-blocks-wrap\">\n<div class=\"wp-block-uagb-container uagb-block-e0d4fef0 alignfull uagb-is-root-container\"><div class=\"uagb-container-inner-blocks-wrap\">\n<div class=\"wp-block-uagb-advanced-heading uagb-block-c5fdb3a6\"><h2 class=\"uagb-heading-text\">General Objective<\/h2><\/div>\n\n\n\n<div class=\"wp-block-uagb-advanced-heading uagb-block-0f752393\"><h2 class=\"uagb-heading-text\">To investigate how technological resistance in Latin America and the Caribbean addresses biases, especially gender biases, in technological innovation and proposes solutions to promote digital equity and socio-environmental justice in the region.<\/h2><\/div>\n\n\n\n<div class=\"wp-block-uagb-separator uagb-block-685a4415\"><div class=\"wp-block-uagb-separator__inner\" style=\"--my-background-image:url(&quot;data:image\/svg+xml,%3Csvg width='16' height='16' viewBox='0 0 16 16' fill='none' xmlns='http:\/\/www.w3.org\/2000\/svg'%3E%3Cpath d='M6.29312 16.9999L17 6.29302M14.2931 16.9999L17 14.293M-0.707031 15.9999L16.0002 -0.707153M8.00017 -0.707153L-0.706882 7.9999' stroke='black'\/%3E%3C\/svg%3E&quot;)\"><\/div><\/div>\n\n\n\n<div class=\"wp-block-uagb-info-box uagb-block-c86aa0c7 uagb-infobox__content-wrap  uagb-infobox-icon-above-title uagb-infobox-image-valign-top\"><div class=\"uagb-ifb-content\"><div class=\"uagb-ifb-title-wrap\"><h3 class=\"uagb-ifb-title\"><strong>Specific Objectives<\/strong><\/h3><\/div><p class=\"uagb-ifb-desc\">1. Analyze how biases, especially gender biases, manifest in technological innovation in Latin America and the Caribbean.<br><br>2. Explore the technological resistance strategies that communities and social movements employ to confront biases and digital oppression in the region.<br><br>3. Evaluate the impact of technological resistance initiatives in promoting digital equity and socio-environmental justice.<br><br>4. Develop proposals to improve the design of technologies that integrate technological and socio-environmental justice principles based on local experiences and strategies.<br><br>5. Considering both biases and environmental impacts, public policies should be influenced to promote a fairer and more ethical use of technology in the region.<\/p><\/div><\/div>\n\n\n\n<div class=\"wp-block-uagb-separator uagb-block-75177ccb\"><div class=\"wp-block-uagb-separator__inner\" style=\"--my-background-image:url(&quot;data:image\/svg+xml,%3Csvg width='16' height='16' viewBox='0 0 16 16' fill='none' xmlns='http:\/\/www.w3.org\/2000\/svg'%3E%3Cpath d='M6.29312 16.9999L17 6.29302M14.2931 16.9999L17 14.293M-0.707031 15.9999L16.0002 -0.707153M8.00017 -0.707153L-0.706882 7.9999' stroke='black'\/%3E%3C\/svg%3E&quot;)\"><\/div><\/div>\n\n\n\n<div class=\"wp-block-uagb-advanced-heading uagb-block-0293b1c7\"><h2 class=\"uagb-heading-text\"><strong>Description<\/strong><\/h2><\/div>\n<\/div><\/div>\n\n\n\n<div class=\"wp-block-uagb-container uagb-block-939431e5 alignfull uagb-is-root-container\"><div class=\"uagb-container-inner-blocks-wrap\">\n<div class=\"wp-block-uagb-container uagb-block-573a5cb5\">\n<div class=\"wp-block-uagb-info-box uagb-block-df9bbc36 uagb-infobox__content-wrap  uagb-infobox-icon-above-title uagb-infobox-image-valign-top\"><div class=\"uagb-ifb-content\"><div class=\"uagb-ifb-icon-wrap\"><svg xmlns=\"https:\/\/www.w3.org\/2000\/svg\" viewbox=\"0 0 512 512\"><path d=\"M0 256C0 114.6 114.6 0 256 0C397.4 0 512 114.6 512 256C512 397.4 397.4 512 256 512C114.6 512 0 397.4 0 256zM371.8 211.8C382.7 200.9 382.7 183.1 371.8 172.2C360.9 161.3 343.1 161.3 332.2 172.2L224 280.4L179.8 236.2C168.9 225.3 151.1 225.3 140.2 236.2C129.3 247.1 129.3 264.9 140.2 275.8L204.2 339.8C215.1 350.7 232.9 350.7 243.8 339.8L371.8 211.8z\"><\/path><\/svg><\/div><div class=\"uagb-ifb-title-wrap\"><h3 class=\"uagb-ifb-title\"><strong><strong>Bias Analysis and Resistances<\/strong>s<\/strong><\/h3><\/div><p class=\"uagb-ifb-desc\">In this stage, a comprehensive analysis will be conducted of how biases, especially gender biases, are manifested in technological innovation in Latin America and the Caribbean. The strategies of technological resistance employed by communities and social movements to confront them and digital oppression will be explored. It is expected to identify patterns and document resistance strategies, comprehensively understanding current challenges and local responses.<br><\/p><\/div><\/div>\n<\/div>\n\n\n\n<div class=\"wp-block-uagb-container uagb-block-b88229aa\">\n<div class=\"wp-block-uagb-info-box uagb-block-702124e6 uagb-infobox__content-wrap  uagb-infobox-icon-above-title uagb-infobox-image-valign-top\"><div class=\"uagb-ifb-content\"><div class=\"uagb-ifb-icon-wrap\"><svg xmlns=\"https:\/\/www.w3.org\/2000\/svg\" viewbox=\"0 0 512 512\"><path d=\"M0 256C0 114.6 114.6 0 256 0C397.4 0 512 114.6 512 256C512 397.4 397.4 512 256 512C114.6 512 0 397.4 0 256zM371.8 211.8C382.7 200.9 382.7 183.1 371.8 172.2C360.9 161.3 343.1 161.3 332.2 172.2L224 280.4L179.8 236.2C168.9 225.3 151.1 225.3 140.2 236.2C129.3 247.1 129.3 264.9 140.2 275.8L204.2 339.8C215.1 350.7 232.9 350.7 243.8 339.8L371.8 211.8z\"><\/path><\/svg><\/div><div class=\"uagb-ifb-title-wrap\"><h3 class=\"uagb-ifb-title\"><strong><strong>Impact Assessment<\/strong><\/strong><\/h3><\/div><p class=\"uagb-ifb-desc\">The impact of technology resilience initiatives in promoting digital equity and socio-environmental justice will be assessed during this phase. Data on the effectiveness of these initiatives will be collected and analyzed, identifying achievements and areas for improvement. A detailed report is expected to be produced illustrating how resilience strategies have influenced equity and justice in Latin America and the Caribbean, informing future actions and policies.<br><\/p><\/div><\/div>\n<\/div>\n\n\n\n<div class=\"wp-block-uagb-container uagb-block-bfce88bc\">\n<div class=\"wp-block-uagb-info-box uagb-block-2bcb8fe7 uagb-infobox__content-wrap  uagb-infobox-icon-above-title uagb-infobox-image-valign-top\"><div class=\"uagb-ifb-content\"><div class=\"uagb-ifb-icon-wrap\"><svg xmlns=\"https:\/\/www.w3.org\/2000\/svg\" viewbox=\"0 0 512 512\"><path d=\"M0 256C0 114.6 114.6 0 256 0C397.4 0 512 114.6 512 256C512 397.4 397.4 512 256 512C114.6 512 0 397.4 0 256zM371.8 211.8C382.7 200.9 382.7 183.1 371.8 172.2C360.9 161.3 343.1 161.3 332.2 172.2L224 280.4L179.8 236.2C168.9 225.3 151.1 225.3 140.2 236.2C129.3 247.1 129.3 264.9 140.2 275.8L204.2 339.8C215.1 350.7 232.9 350.7 243.8 339.8L371.8 211.8z\"><\/path><\/svg><\/div><div class=\"uagb-ifb-title-wrap\"><h3 class=\"uagb-ifb-title\"><strong><strong>Improvement proposals<\/strong><\/strong><\/h3><\/div><p class=\"uagb-ifb-desc\">In the final stage, proposals will be developed to improve the design of technologies, integrating technological and socio-environmental justice principles. Changes in public policies will also be proposed for a fairer and more ethical use of technology. It is expected to generate practical recommendations and policies that promote digital equity and environmental sustainability, disseminating the results to influence the formulation of regional policies and practices.<br><\/p><\/div><\/div>\n<\/div>\n<\/div><\/div>\n\n\n\n<div class=\"wp-block-uagb-separator uagb-block-d6a43a32\"><div class=\"wp-block-uagb-separator__inner\" style=\"--my-background-image:url(&quot;data:image\/svg+xml,%3Csvg width='16' height='16' viewBox='0 0 16 16' fill='none' xmlns='http:\/\/www.w3.org\/2000\/svg'%3E%3Cpath d='M6.29312 16.9999L17 6.29302M14.2931 16.9999L17 14.293M-0.707031 15.9999L16.0002 -0.707153M8.00017 -0.707153L-0.706882 7.9999' stroke='black'\/%3E%3C\/svg%3E&quot;)\"><\/div><\/div>\n\n\n\n<div class=\"wp-block-uagb-advanced-heading uagb-block-040d76e4\"><h2 class=\"uagb-heading-text\"><strong><strong>Timetable<\/strong><\/strong><\/h2><\/div>\n\n\n\n<div class=\"wp-block-uagb-info-box uagb-block-384fb221 uagb-infobox__content-wrap  uagb-infobox-icon-above-title uagb-infobox-image-valign-top\"><div class=\"uagb-ifb-content\"><div class=\"uagb-ifb-title-wrap\"><\/div><p class=\"uagb-ifb-desc\">Start: year 1<br>End: year 3<\/p><\/div><\/div>\n\n\n\n<div class=\"wp-block-uagb-separator uagb-block-575d5799\"><div class=\"wp-block-uagb-separator__inner\" style=\"--my-background-image:\"><\/div><\/div>\n<\/div><\/div>\n<\/div><\/div>","protected":false},"excerpt":{"rendered":"<p>Proyecto Objetivo General Investigar c\u00f3mo las resistencias tecnol\u00f3gicas en Latinoam\u00e9rica y el Caribe abordan los sesgos, especialmente los de g\u00e9nero en la innovaci\u00f3n tecnol\u00f3gica y proponen soluciones para promover la equidad digital y la justicia socioambiental en la regi\u00f3n. Descripci\u00f3n Cronograma<\/p>","protected":false},"author":1,"featured_media":0,"parent":0,"menu_order":0,"comment_status":"closed","ping_status":"closed","template":"","meta":{"_uag_custom_page_level_css":"","site-sidebar-layout":"no-sidebar","site-content-layout":"page-builder","ast-site-content-layout":"full-width-container","site-content-style":"unboxed","site-sidebar-style":"default","ast-global-header-display":"","ast-banner-title-visibility":"","ast-main-header-display":"","ast-hfb-above-header-display":"","ast-hfb-below-header-display":"","ast-hfb-mobile-header-display":"","site-post-title":"disabled","ast-breadcrumbs-content":"","ast-featured-img":"disabled","footer-sml-layout":"","theme-transparent-header-meta":"enabled","adv-header-id-meta":"","stick-header-meta":"","header-above-stick-meta":"","header-main-stick-meta":"","header-below-stick-meta":"","astra-migrate-meta-layouts":"set","ast-page-background-enabled":"default","ast-page-background-meta":{"desktop":{"background-color":"var(--ast-global-color-4)","background-image":"","background-repeat":"repeat","background-position":"center center","background-size":"auto","background-attachment":"scroll","background-type":"","background-media":"","overlay-type":"","overlay-color":"","overlay-opacity":"","overlay-gradient":""},"tablet":{"background-color":"","background-image":"","background-repeat":"repeat","background-position":"center center","background-size":"auto","background-attachment":"scroll","background-type":"","background-media":"","overlay-type":"","overlay-color":"","overlay-opacity":"","overlay-gradient":""},"mobile":{"background-color":"","background-image":"","background-repeat":"repeat","background-position":"center center","background-size":"auto","background-attachment":"scroll","background-type":"","background-media":"","overlay-type":"","overlay-color":"","overlay-opacity":"","overlay-gradient":""}},"ast-content-background-meta":{"desktop":{"background-color":"var(--ast-global-color-5)","background-image":"","background-repeat":"repeat","background-position":"center center","background-size":"auto","background-attachment":"scroll","background-type":"","background-media":"","overlay-type":"","overlay-color":"","overlay-opacity":"","overlay-gradient":""},"tablet":{"background-color":"var(--ast-global-color-5)","background-image":"","background-repeat":"repeat","background-position":"center center","background-size":"auto","background-attachment":"scroll","background-type":"","background-media":"","overlay-type":"","overlay-color":"","overlay-opacity":"","overlay-gradient":""},"mobile":{"background-color":"var(--ast-global-color-5)","background-image":"","background-repeat":"repeat","background-position":"center center","background-size":"auto","background-attachment":"scroll","background-type":"","background-media":"","overlay-type":"","overlay-color":"","overlay-opacity":"","overlay-gradient":""}},"footnotes":""},"uagb_featured_image_src":{"full":false,"thumbnail":false,"medium":false,"medium_large":false,"large":false,"1536x1536":false,"2048x2048":false,"trp-custom-language-flag":false},"uagb_author_info":{"display_name":"constanza.gonzalezveliz","author_link":"https:\/\/resistencias.situada.online\/en\/author\/constanza-gonzalezveliz\/"},"uagb_comment_info":0,"uagb_excerpt":"Proyecto Objetivo General Investigar c\u00f3mo las resistencias tecnol\u00f3gicas en Latinoam\u00e9rica y el Caribe abordan los sesgos, especialmente los de g\u00e9nero en la innovaci\u00f3n tecnol\u00f3gica y proponen soluciones para promover la equidad digital y la justicia socioambiental en la regi\u00f3n. Descripci\u00f3n Cronograma","_links":{"self":[{"href":"https:\/\/resistencias.situada.online\/en\/wp-json\/wp\/v2\/pages\/1324"}],"collection":[{"href":"https:\/\/resistencias.situada.online\/en\/wp-json\/wp\/v2\/pages"}],"about":[{"href":"https:\/\/resistencias.situada.online\/en\/wp-json\/wp\/v2\/types\/page"}],"author":[{"embeddable":true,"href":"https:\/\/resistencias.situada.online\/en\/wp-json\/wp\/v2\/users\/1"}],"replies":[{"embeddable":true,"href":"https:\/\/resistencias.situada.online\/en\/wp-json\/wp\/v2\/comments?post=1324"}],"version-history":[{"count":32,"href":"https:\/\/resistencias.situada.online\/en\/wp-json\/wp\/v2\/pages\/1324\/revisions"}],"predecessor-version":[{"id":2395,"href":"https:\/\/resistencias.situada.online\/en\/wp-json\/wp\/v2\/pages\/1324\/revisions\/2395"}],"wp:attachment":[{"href":"https:\/\/resistencias.situada.online\/en\/wp-json\/wp\/v2\/media?parent=1324"}],"curies":[{"name":"wp","href":"https:\/\/api.w.org\/{rel}","templated":true}]}}