{"id":1322,"date":"2024-07-12T04:32:40","date_gmt":"2024-07-12T04:32:40","guid":{"rendered":"https:\/\/resistencias.situada.online\/home\/"},"modified":"2024-09-14T00:14:51","modified_gmt":"2024-09-14T00:14:51","slug":"inicio","status":"publish","type":"page","link":"https:\/\/resistencias.situada.online\/en\/","title":{"rendered":"Home"},"content":{"rendered":"<div class=\"wp-block-uagb-container uagb-block-494c42c4 alignfull uagb-is-root-container\"><div class=\"uagb-container-inner-blocks-wrap\">\n<div class=\"wp-block-uagb-advanced-heading uagb-block-72cf48f8\"><h1 class=\"uagb-heading-text\"><strong>Technological Resistances<\/strong><\/h1><\/div>\n\n\n\n<div class=\"wp-block-uagb-advanced-heading uagb-block-07350a9c\"><h2 class=\"uagb-heading-text\">Towards Equitable and Sustainable Technological Justice in Latin America and the Caribbean<\/h2><\/div>\n<\/div><\/div>\n\n\n\n<div class=\"wp-block-uagb-container uagb-block-a38b4913 alignfull uagb-is-root-container\"><div class=\"uagb-container-inner-blocks-wrap\">\n<div class=\"wp-block-uagb-advanced-heading uagb-block-2b5f3149\"><h2 class=\"uagb-heading-text\">We seek to investigate how technological resistance in Latin America and the Caribbean confronts and corrects biases, especially gender biases, in technological innovation, thus promoting digital equity and socio-environmental justice in the region.<\/h2><div class=\"uagb-separator\"><\/div><\/div>\n\n\n\n<div class=\"wp-block-uagb-advanced-heading uagb-block-ec0e4396\"><h2 class=\"uagb-heading-text\">We will comprehensively analyze technological resistance through a literature review, interviews, and surveys. We will document resistance strategies and assess their impact on digital equity and socio-environmental justice. We will develop proposals for a more just technology design and influence public policies to promote technology's ethical and equitable use.<\/h2><\/div>\n\n\n\n<div style=\"height:100px\" aria-hidden=\"true\" class=\"wp-block-spacer\"><\/div>\n\n\n\n<div class=\"wp-block-uagb-container uagb-block-ed2081ea\">\n<div class=\"wp-block-uagb-container uagb-block-4eeee70a\">\n<div class=\"wp-block-uagb-info-box uagb-block-56d081d1 uagb-infobox__content-wrap  uagb-infobox-icon-above-title uagb-infobox-image-valign-top\"><div class=\"uagb-ifb-content\"><div class=\"uagb-ifb-image-content\"><img decoding=\"async\" src=\"https:\/\/resistencias.situada.online\/wp-content\/uploads\/2024\/07\/Imagen_1-scaled.jpg\" alt=\"\" width=\"1709\" height=\"2560\" loading=\"lazy\"\/><\/div><div class=\"uagb-ifb-title-wrap\"><h3 class=\"uagb-ifb-title\"><strong><strong>Bias Analysis and Resistance<\/strong><\/strong><\/h3><\/div><p class=\"uagb-ifb-desc\">It is hoped to identify and document biases, especially gender biases, in technology and local resilience strategies. These findings will provide a solid basis for understanding and addressing technological challenges.<\/p><\/div><\/div>\n<\/div>\n\n\n\n<div class=\"wp-block-uagb-container uagb-block-de9dc289\">\n<div class=\"wp-block-uagb-info-box uagb-block-b483e0d5 uagb-infobox__content-wrap  uagb-infobox-icon-above-title uagb-infobox-image-valign-top\"><div class=\"uagb-ifb-content\"><div class=\"uagb-ifb-image-content\"><img decoding=\"async\" src=\"https:\/\/resistencias.situada.online\/wp-content\/uploads\/2024\/07\/Imagen_2-scaled-e1721084727497.jpg\" alt=\"\" width=\"1710\" height=\"2560\" loading=\"lazy\"\/><\/div><div class=\"uagb-ifb-title-wrap\"><h3 class=\"uagb-ifb-title\"><strong><strong>Impact Assessment<\/strong><\/strong><\/h3><\/div><p class=\"uagb-ifb-desc\">The evaluation will reveal how technological resilience initiatives in the region have advanced digital equity and socio-environmental justice. The results will identify successes and challenges, guiding future improvements.<\/p><\/div><\/div>\n<\/div>\n\n\n\n<div class=\"wp-block-uagb-container uagb-block-6edb74a0\">\n<div class=\"wp-block-uagb-info-box uagb-block-09a88236 uagb-infobox__content-wrap  uagb-infobox-icon-above-title uagb-infobox-image-valign-top\"><div class=\"uagb-ifb-content\"><div class=\"uagb-ifb-image-content\"><img decoding=\"async\" src=\"https:\/\/resistencias.situada.online\/wp-content\/uploads\/2024\/07\/Imagen_3-scaled.jpg\" alt=\"\" width=\"1709\" height=\"2560\" loading=\"lazy\"\/><\/div><div class=\"uagb-ifb-title-wrap\"><h3 class=\"uagb-ifb-title\"><strong><strong>Improvement proposals<\/strong><\/strong><\/h3><\/div><p class=\"uagb-ifb-desc\">Recommendations will be developed for fair technological design and public policy changes at the regional levels. The aim is to promote digital equity and sustainability, influencing regional policies and practices.<\/p><\/div><\/div>\n<\/div>\n<\/div>\n<\/div><\/div>\n\n\n\n<div class=\"wp-block-uagb-container uagb-block-fb32e4bf alignfull uagb-is-root-container\"><div class=\"uagb-container-inner-blocks-wrap\">\n<div class=\"wp-block-uagb-testimonial uagb-slick-carousel uagb-tm__arrow-outside uagb-block-9c9f7caf uagb-post__carousel_notset uagb-post__carousel_notset-tablet uagb-post__carousel_notset-mobile\"><div class=\"is-carousel uagb-tm__columns-1 uagb-tm__items\"><div class=\"uagb-testimonial__wrap  uagb-tm__imgicon-style-circle uagb-tm__image-position-top uagb-tm__bg-type-none\"><div class=\"uagb-tm__content\"><div class=\"uagb-tm__overlay\"><\/div><div class=\"uagb-tm__image-content\"><div class=\"uagb-tm__image\"><img decoding=\"async\" class=\"uagb-tm-img-src\" src=\"https:\/\/resistencias.situada.online\/wp-content\/uploads\/2024\/07\/cropped-Resistencias-150x150.png\" alt=\"\" width=\"80\" height=\"80\" loading=\"lazy\"\/><\/div><\/div><div class=\"uagb-tm__text-wrap\"><div class=\"uagb-tm__desc\"><em><em>Technology must evolve to correct biases and inequalities. Technological resistance in Latin America and the Caribbean shows that it is possible to transform technology into a tool for equity and justice while respecting rights and the environment.<\/em><\/em><\/div><div class=\"uagb-tm__meta-inner\"><div class=\"uagb-testimonial-details\"><span class=\"uagb-tm__author-name\"><\/span><span class=\"uagb-tm__company\"><\/span><\/div><\/div><\/div><\/div><\/div><\/div><\/div>\n<\/div><\/div>\n\n\n\n<div class=\"wp-block-uagb-container uagb-block-f3942af0 alignfull uagb-is-root-container\"><div class=\"uagb-container-inner-blocks-wrap\">\n<div class=\"wp-block-uagb-container uagb-block-bcac75b1\">\n<div class=\"wp-block-uagb-info-box uagb-block-a01009d9 uagb-infobox__content-wrap  uagb-infobox-icon-above-title uagb-infobox-image-valign-top\"><div class=\"uagb-ifb-content\"><div class=\"uagb-ifb-title-wrap\"><span class=\"uagb-ifb-title-prefix\">About the Project<\/span><h4 class=\"uagb-ifb-title\">Exploration of Technological Resistance in Latin America and the Caribbean<\/h4><\/div><p class=\"uagb-ifb-desc\">Technology perpetuates gender biases and inequalities, intensifying digital violence and socio-environmental injustices. Organizations and social movements in Latin America and the Caribbean create technological resistances that challenge these problems and promote essential changes. This project focuses on technological innovation by examining how these entities address and correct biases, especially gender biases. Analyzing their strategies and results will allow the development of practical solutions to promote digital equity and socio-environmental justice, transforming technology into a tool for inclusion and equity.<\/p><div class=\"uagb-ifb-button-wrapper wp-block-button\"><a href=\"https:\/\/resistencias.situada.online\/en\/proyecto\/\" class=\"uagb-infobox-cta-link wp-block-button__link\" target=\"_self\" rel=\"noopener noreferrer\" onclick=\"return true;\"><span class=\"uagb-inline-editing\">Read more<\/span><svg xmlns=\"https:\/\/www.w3.org\/2000\/svg\" viewbox=\"0 0 448 512\"><path d=\"M438.6 278.6l-160 160C272.4 444.9 264.2 448 256 448s-16.38-3.125-22.62-9.375c-12.5-12.5-12.5-32.75 0-45.25L338.8 288H32C14.33 288 .0016 273.7 .0016 256S14.33 224 32 224h306.8l-105.4-105.4c-12.5-12.5-12.5-32.75 0-45.25s32.75-12.5 45.25 0l160 160C451.1 245.9 451.1 266.1 438.6 278.6z\"><\/path><\/svg><\/a><\/div><\/div><\/div>\n<\/div>\n\n\n\n<div class=\"wp-block-uagb-container uagb-block-0408e4b0\">\n<div class=\"wp-block-uagb-image uagb-block-db147eec wp-block-uagb-image--layout-default wp-block-uagb-image--effect-static wp-block-uagb-image--align-none\"><figure class=\"wp-block-uagb-image__figure\"><img decoding=\"async\" srcset=\"https:\/\/resistencias.situada.online\/wp-content\/uploads\/2024\/07\/Imagen_Proyecto-e1721084903886.png ,https:\/\/resistencias.situada.online\/wp-content\/uploads\/2024\/07\/Imagen_Proyecto-e1721084903886.png 780w, https:\/\/resistencias.situada.online\/wp-content\/uploads\/2024\/07\/Imagen_Proyecto-e1721084903886.png 360w\" sizes=\"(max-width: 480px) 150px\" src=\"https:\/\/resistencias.situada.online\/wp-content\/uploads\/2024\/07\/Imagen_Proyecto-e1721084903886.png\" alt=\"\" class=\"uag-image-2348\" width=\"967\" height=\"1024\" title=\"Imagen_Proyecto\" loading=\"lazy\" role=\"img\"\/><\/figure><\/div>\n<\/div>\n<\/div><\/div>\n\n\n\n<div class=\"wp-block-uagb-advanced-heading uagb-block-954c00e1\"><h2 class=\"uagb-heading-text\">Related Projects<\/h2><div class=\"uagb-separator\"><\/div><\/div>\n\n\n\n<div class=\"wp-block-uagb-container uagb-block-c2fe4cf1 alignfull uagb-is-root-container\"><div class=\"uagb-container-inner-blocks-wrap\">\n<div class=\"wp-block-uagb-container uagb-block-b9d564f9\">\n<div class=\"wp-block-uagb-info-box uagb-block-5f20f68d uagb-infobox__content-wrap  uagb-infobox-icon-above-title uagb-infobox-image-valign-top\"><div class=\"uagb-ifb-content\"><div class=\"uagb-ifb-image-content\"><img decoding=\"async\" src=\"https:\/\/resistencias.situada.online\/wp-content\/uploads\/2024\/08\/Digital-Commons.png\" alt=\"\" width=\"\" height=\"0\" loading=\"lazy\"\/><\/div><div class=\"uagb-ifb-title-wrap\"><h3 class=\"uagb-ifb-title\">Digital Commons<\/h3><\/div><p class=\"uagb-ifb-desc\">This project investigates the impact of digital commons in the region, focusing on understanding the role of feminist digital commons and its influence in the fight for gender equality and social justice. Using an interdisciplinary approach, she deepens her understanding and relationship with local feminist movements.<\/p><div class=\"uagb-ifb-button-wrapper wp-block-button\"><a href=\"https:\/\/comunes.situada.online\/\" class=\"uagb-infobox-cta-link wp-block-button__link\" target=\"_self\" rel=\"noopener noreferrer\" onclick=\"return true;\"><span class=\"uagb-inline-editing\">Read more<\/span><svg xmlns=\"https:\/\/www.w3.org\/2000\/svg\" viewbox=\"0 0 512 512\"><path d=\"M504.3 273.6l-112.1 104c-6.992 6.484-17.18 8.218-25.94 4.406c-8.758-3.812-14.42-12.45-14.42-21.1L351.9 288H32C14.33 288 .0002 273.7 .0002 255.1S14.33 224 32 224h319.9l0-72c0-9.547 5.66-18.19 14.42-22c8.754-3.809 18.95-2.075 25.94 4.41l112.1 104C514.6 247.9 514.6 264.1 504.3 273.6z\"><\/path><\/svg><\/a><\/div><\/div><\/div>\n<\/div>\n\n\n\n<div class=\"wp-block-uagb-container uagb-block-c3c7a125\">\n<div class=\"wp-block-uagb-info-box uagb-block-28f3862b uagb-infobox__content-wrap  uagb-infobox-icon-above-title uagb-infobox-image-valign-top\"><div class=\"uagb-ifb-content\"><div class=\"uagb-ifb-image-content\"><img decoding=\"async\" src=\"https:\/\/resistencias.situada.online\/wp-content\/uploads\/2024\/08\/Gender-Biases-in-Technological-Innovation.png\" alt=\"\" width=\"\" height=\"0\" loading=\"lazy\"\/><\/div><div class=\"uagb-ifb-title-wrap\"><h3 class=\"uagb-ifb-title\"><strong>Gender Biases in Technological Innovation<\/strong><\/h3><\/div><p class=\"uagb-ifb-desc\">This project investigates how gender biases in technology amplify digital violence against women in Talca, Maule Region, Chile. By identifying specific forms of violence and assessing technological biases, practical solutions will be developed to improve digital security, focusing on technical and design aspects.<\/p><div class=\"uagb-ifb-button-wrapper wp-block-button\"><a href=\"https:\/\/sesgos.situada.online\/\" class=\"uagb-infobox-cta-link wp-block-button__link\" target=\"_self\" rel=\"noopener noreferrer\" onclick=\"return true;\"><span class=\"uagb-inline-editing\">Read more<\/span><svg xmlns=\"https:\/\/www.w3.org\/2000\/svg\" viewbox=\"0 0 512 512\"><path d=\"M504.3 273.6l-112.1 104c-6.992 6.484-17.18 8.218-25.94 4.406c-8.758-3.812-14.42-12.45-14.42-21.1L351.9 288H32C14.33 288 .0002 273.7 .0002 255.1S14.33 224 32 224h319.9l0-72c0-9.547 5.66-18.19 14.42-22c8.754-3.809 18.95-2.075 25.94 4.41l112.1 104C514.6 247.9 514.6 264.1 504.3 273.6z\"><\/path><\/svg><\/a><\/div><\/div><\/div>\n<\/div>\n<\/div><\/div>\n\n\n\n<div style=\"height:50px\" aria-hidden=\"true\" class=\"wp-block-spacer\"><\/div>\n\n\n\n<div class=\"wp-block-uagb-container uagb-block-05a4a518 alignfull uagb-is-root-container\"><div class=\"uagb-container-inner-blocks-wrap\">\n<div class=\"wp-block-uagb-info-box uagb-block-9a97965e uagb-infobox__content-wrap  uagb-infobox-icon-above-title uagb-infobox-image-valign-top\"><div class=\"uagb-ifb-content\"><div class=\"uagb-ifb-title-wrap\"><h1 class=\"uagb-ifb-title\">situada.online<\/h1><\/div><p class=\"uagb-ifb-desc\">We explore technology from a Latin American and feminist perspective, recognizing it as a space of power and possibility that we seek to transform.<\/p><div class=\"uagb-ifb-button-wrapper wp-block-button\"><a href=\"https:\/\/situada.online\/\" class=\"uagb-infobox-cta-link wp-block-button__link\" target=\"_blank\" rel=\"noopener noreferrer\" onclick=\"return true;\"><span class=\"uagb-inline-editing\">Read more<\/span><svg xmlns=\"https:\/\/www.w3.org\/2000\/svg\" viewbox=\"0 0 448 512\"><path d=\"M438.6 278.6l-160 160C272.4 444.9 264.2 448 256 448s-16.38-3.125-22.62-9.375c-12.5-12.5-12.5-32.75 0-45.25L338.8 288H32C14.33 288 .0016 273.7 .0016 256S14.33 224 32 224h306.8l-105.4-105.4c-12.5-12.5-12.5-32.75 0-45.25s32.75-12.5 45.25 0l160 160C451.1 245.9 451.1 266.1 438.6 278.6z\"><\/path><\/svg><\/a><\/div><\/div><\/div>\n<\/div><\/div>","protected":false},"excerpt":{"rendered":"<p>Resistencias Tecnol\u00f3gicas Hacia una Justicia Tecnol\u00f3gica Equitativa y Sostenible en Am\u00e9rica Latina y el Caribe Buscamos investigar c\u00f3mo las resistencias tecnol\u00f3gicas en Latinoam\u00e9rica y el Caribe enfrentan y corrigen los sesgos, especialmente los de g\u00e9nero en la innovaci\u00f3n tecnol\u00f3gica, promoviendola equidad digital y justicia socioambiental en la regi\u00f3n. Realizaremos un an\u00e1lisis exhaustivo de las resistencias [&hellip;]<\/p>","protected":false},"author":1,"featured_media":0,"parent":0,"menu_order":0,"comment_status":"closed","ping_status":"closed","template":"","meta":{"_uag_custom_page_level_css":"","site-sidebar-layout":"no-sidebar","site-content-layout":"page-builder","ast-site-content-layout":"full-width-container","site-content-style":"unboxed","site-sidebar-style":"unboxed","ast-global-header-display":"","ast-banner-title-visibility":"","ast-main-header-display":"","ast-hfb-above-header-display":"","ast-hfb-below-header-display":"","ast-hfb-mobile-header-display":"","site-post-title":"disabled","ast-breadcrumbs-content":"","ast-featured-img":"disabled","footer-sml-layout":"","theme-transparent-header-meta":"enabled","adv-header-id-meta":"","stick-header-meta":"","header-above-stick-meta":"","header-main-stick-meta":"","header-below-stick-meta":"","astra-migrate-meta-layouts":"set","ast-page-background-enabled":"default","ast-page-background-meta":{"desktop":{"background-color":"var(--ast-global-color-4)","background-image":"","background-repeat":"repeat","background-position":"center center","background-size":"auto","background-attachment":"scroll","background-type":"","background-media":"","overlay-type":"","overlay-color":"","overlay-opacity":"","overlay-gradient":""},"tablet":{"background-color":"","background-image":"","background-repeat":"repeat","background-position":"center center","background-size":"auto","background-attachment":"scroll","background-type":"","background-media":"","overlay-type":"","overlay-color":"","overlay-opacity":"","overlay-gradient":""},"mobile":{"background-color":"","background-image":"","background-repeat":"repeat","background-position":"center center","background-size":"auto","background-attachment":"scroll","background-type":"","background-media":"","overlay-type":"","overlay-color":"","overlay-opacity":"","overlay-gradient":""}},"ast-content-background-meta":{"desktop":{"background-color":"var(--ast-global-color-5)","background-image":"","background-repeat":"repeat","background-position":"center center","background-size":"auto","background-attachment":"scroll","background-type":"","background-media":"","overlay-type":"","overlay-color":"","overlay-opacity":"","overlay-gradient":""},"tablet":{"background-color":"var(--ast-global-color-5)","background-image":"","background-repeat":"repeat","background-position":"center center","background-size":"auto","background-attachment":"scroll","background-type":"","background-media":"","overlay-type":"","overlay-color":"","overlay-opacity":"","overlay-gradient":""},"mobile":{"background-color":"var(--ast-global-color-5)","background-image":"","background-repeat":"repeat","background-position":"center center","background-size":"auto","background-attachment":"scroll","background-type":"","background-media":"","overlay-type":"","overlay-color":"","overlay-opacity":"","overlay-gradient":""}},"footnotes":""},"uagb_featured_image_src":{"full":false,"thumbnail":false,"medium":false,"medium_large":false,"large":false,"1536x1536":false,"2048x2048":false,"trp-custom-language-flag":false},"uagb_author_info":{"display_name":"constanza.gonzalezveliz","author_link":"https:\/\/resistencias.situada.online\/en\/author\/constanza-gonzalezveliz\/"},"uagb_comment_info":0,"uagb_excerpt":"Resistencias Tecnol\u00f3gicas Hacia una Justicia Tecnol\u00f3gica Equitativa y Sostenible en Am\u00e9rica Latina y el Caribe Buscamos investigar c\u00f3mo las resistencias tecnol\u00f3gicas en Latinoam\u00e9rica y el Caribe enfrentan y corrigen los sesgos, especialmente los de g\u00e9nero en la innovaci\u00f3n tecnol\u00f3gica, promoviendola equidad digital y justicia socioambiental en la regi\u00f3n. Realizaremos un an\u00e1lisis exhaustivo de las resistencias&hellip;","_links":{"self":[{"href":"https:\/\/resistencias.situada.online\/en\/wp-json\/wp\/v2\/pages\/1322"}],"collection":[{"href":"https:\/\/resistencias.situada.online\/en\/wp-json\/wp\/v2\/pages"}],"about":[{"href":"https:\/\/resistencias.situada.online\/en\/wp-json\/wp\/v2\/types\/page"}],"author":[{"embeddable":true,"href":"https:\/\/resistencias.situada.online\/en\/wp-json\/wp\/v2\/users\/1"}],"replies":[{"embeddable":true,"href":"https:\/\/resistencias.situada.online\/en\/wp-json\/wp\/v2\/comments?post=1322"}],"version-history":[{"count":68,"href":"https:\/\/resistencias.situada.online\/en\/wp-json\/wp\/v2\/pages\/1322\/revisions"}],"predecessor-version":[{"id":2431,"href":"https:\/\/resistencias.situada.online\/en\/wp-json\/wp\/v2\/pages\/1322\/revisions\/2431"}],"wp:attachment":[{"href":"https:\/\/resistencias.situada.online\/en\/wp-json\/wp\/v2\/media?parent=1322"}],"curies":[{"name":"wp","href":"https:\/\/api.w.org\/{rel}","templated":true}]}}